{"id":588,"date":"2025-08-05T11:28:04","date_gmt":"2025-08-05T09:28:04","guid":{"rendered":"https:\/\/fisiowarm.com\/en\/?post_type=product&#038;p=588"},"modified":"2025-12-28T22:49:54","modified_gmt":"2025-12-28T21:49:54","slug":"static-automatic","status":"publish","type":"product","link":"https:\/\/fisiowarm.com\/en\/product\/static-automatic\/","title":{"rendered":"Static Automatic"},"content":{"rendered":"","protected":false},"excerpt":{"rendered":"<p>La serie di componenti consente all\u2019operatore di selezionare la zona o il percorso utile al trattamento secondo geometrie indipendenti. Ciascun elettrodo attivo avr\u00e0 come riferimento un unico elettrodo neutro e ci\u00f2 consentir\u00e0 sempre un\u2019applicazione con trasferimento di cariche omogeneo senza l\u2019intervento dell\u2019operatore. Il kit CONTOUR \u00e8 disponibile anche nella versione con elettrodo neutro simmetrico Octopus\u00ae.<\/p>\n","protected":false},"featured_media":19898,"template":"","product-category":[32],"class_list":["post-588","product","type-product","status-publish","has-post-thumbnail","hentry","product-category-electrodes"],"acf":[],"_links":{"self":[{"href":"https:\/\/fisiowarm.com\/en\/wp-json\/wp\/v2\/product\/588","targetHints":{"allow":["GET"]}}],"collection":[{"href":"https:\/\/fisiowarm.com\/en\/wp-json\/wp\/v2\/product"}],"about":[{"href":"https:\/\/fisiowarm.com\/en\/wp-json\/wp\/v2\/types\/product"}],"version-history":[{"count":5,"href":"https:\/\/fisiowarm.com\/en\/wp-json\/wp\/v2\/product\/588\/revisions"}],"predecessor-version":[{"id":20586,"href":"https:\/\/fisiowarm.com\/en\/wp-json\/wp\/v2\/product\/588\/revisions\/20586"}],"wp:featuredmedia":[{"embeddable":true,"href":"https:\/\/fisiowarm.com\/en\/wp-json\/wp\/v2\/media\/19898"}],"wp:attachment":[{"href":"https:\/\/fisiowarm.com\/en\/wp-json\/wp\/v2\/media?parent=588"}],"wp:term":[{"taxonomy":"product-category","embeddable":true,"href":"https:\/\/fisiowarm.com\/en\/wp-json\/wp\/v2\/product-category?post=588"}],"curies":[{"name":"wp","href":"https:\/\/api.w.org\/{rel}","templated":true}]}}