{"id":585,"date":"2025-08-05T11:28:04","date_gmt":"2025-08-05T09:28:04","guid":{"rendered":"https:\/\/fisiowarm.com\/en\/?post_type=product&#038;p=585"},"modified":"2025-12-28T22:49:15","modified_gmt":"2025-12-28T21:49:15","slug":"uniq","status":"publish","type":"product","link":"https:\/\/fisiowarm.com\/en\/product\/uniq\/","title":{"rendered":"Uniq"},"content":{"rendered":"","protected":false},"excerpt":{"rendered":"<p>&#8220;UNIQ&#8221; \u00e8 una serie di elettrodi per trattamenti unipolari difficili. L&#8217;elettrodo \u00e8 caratterizzato da un&#8217;area centrale che opera in modalit\u00e0 resistiva e da un anello esterno che opera in modalit\u00e0 capacitiva, consentendo cos\u00ec significativi vantaggi in estensione e profondit\u00e0 di penetrazione per l&#8217;area trattata.<\/p>\n","protected":false},"featured_media":1567,"template":"","product-category":[32],"class_list":["post-585","product","type-product","status-publish","has-post-thumbnail","hentry","product-category-electrodes"],"acf":[],"_links":{"self":[{"href":"https:\/\/fisiowarm.com\/en\/wp-json\/wp\/v2\/product\/585","targetHints":{"allow":["GET"]}}],"collection":[{"href":"https:\/\/fisiowarm.com\/en\/wp-json\/wp\/v2\/product"}],"about":[{"href":"https:\/\/fisiowarm.com\/en\/wp-json\/wp\/v2\/types\/product"}],"version-history":[{"count":2,"href":"https:\/\/fisiowarm.com\/en\/wp-json\/wp\/v2\/product\/585\/revisions"}],"predecessor-version":[{"id":17792,"href":"https:\/\/fisiowarm.com\/en\/wp-json\/wp\/v2\/product\/585\/revisions\/17792"}],"wp:featuredmedia":[{"embeddable":true,"href":"https:\/\/fisiowarm.com\/en\/wp-json\/wp\/v2\/media\/1567"}],"wp:attachment":[{"href":"https:\/\/fisiowarm.com\/en\/wp-json\/wp\/v2\/media?parent=585"}],"wp:term":[{"taxonomy":"product-category","embeddable":true,"href":"https:\/\/fisiowarm.com\/en\/wp-json\/wp\/v2\/product-category?post=585"}],"curies":[{"name":"wp","href":"https:\/\/api.w.org\/{rel}","templated":true}]}}